{"id":174,"date":"2017-09-22T09:25:38","date_gmt":"2017-09-22T07:25:38","guid":{"rendered":"http:\/\/sor.cz\/?page_id=174"},"modified":"2026-04-02T06:42:45","modified_gmt":"2026-04-02T04:42:45","slug":"aktuality","status":"publish","type":"page","link":"https:\/\/www.sor.cz\/de\/spolecnost\/aktuality\/","title":{"rendered":"News"},"content":{"rendered":"<p><span class=\"jCAhz ChMk0b\"><span class=\"ryNqvb\">An den nationalen Feiertagen 3.4.<\/span><\/span> <span class=\"jCAhz\"><span class=\"ryNqvb\">und 6.4.<\/span><\/span> <span class=\"jCAhz ChMk0b\"><span class=\"ryNqvb\">k\u00f6nnen wir keine Bestellungen f\u00fcr Ersatzteile annehmen und versenden.<\/span><\/span><\/p>\n<p><span class=\"jCAhz ChMk0b\"><span class=\"ryNqvb\"> Vielen Dank f\u00fcr Ihr Verst\u00e4ndnis. <\/span><\/span><\/p>\n<p>&nbsp;<\/p>\n<p><span class=\"jCAhz ChMk0b\"><span class=\"ryNqvb\">Roman Marek, Leiter Ersatzteilvertrieb<\/span><\/span><\/p>","protected":false},"excerpt":{"rendered":"<p>An den nationalen Feiertagen 3.4. und 6.4. k\u00f6nnen wir keine Bestellungen f\u00fcr Ersatzteile annehmen und versenden. Vielen Dank f\u00fcr Ihr Verst\u00e4ndnis. &nbsp; Roman Marek, Leiter Ersatzteilvertrieb<\/p>\n","protected":false},"author":3,"featured_media":0,"parent":192,"menu_order":6,"comment_status":"closed","ping_status":"closed","template":"page-news.php","meta":{"_acf_changed":false,"_exactmetrics_skip_tracking":false,"_exactmetrics_sitenote_active":false,"_exactmetrics_sitenote_note":"","_exactmetrics_sitenote_category":0,"footnotes":""},"class_list":["post-174","page","type-page","status-publish","hentry"],"acf":[],"_links":{"self":[{"href":"https:\/\/www.sor.cz\/de\/wp-json\/wp\/v2\/pages\/174","targetHints":{"allow":["GET"]}}],"collection":[{"href":"https:\/\/www.sor.cz\/de\/wp-json\/wp\/v2\/pages"}],"about":[{"href":"https:\/\/www.sor.cz\/de\/wp-json\/wp\/v2\/types\/page"}],"author":[{"embeddable":true,"href":"https:\/\/www.sor.cz\/de\/wp-json\/wp\/v2\/users\/3"}],"replies":[{"embeddable":true,"href":"https:\/\/www.sor.cz\/de\/wp-json\/wp\/v2\/comments?post=174"}],"version-history":[{"count":4,"href":"https:\/\/www.sor.cz\/de\/wp-json\/wp\/v2\/pages\/174\/revisions"}],"predecessor-version":[{"id":3094,"href":"https:\/\/www.sor.cz\/de\/wp-json\/wp\/v2\/pages\/174\/revisions\/3094"}],"up":[{"embeddable":true,"href":"https:\/\/www.sor.cz\/de\/wp-json\/wp\/v2\/pages\/192"}],"wp:attachment":[{"href":"https:\/\/www.sor.cz\/de\/wp-json\/wp\/v2\/media?parent=174"}],"curies":[{"name":"wp","href":"https:\/\/api.w.org\/{rel}","templated":true}]}}