{"id":2088,"date":"2021-06-09T14:34:51","date_gmt":"2021-06-09T12:34:51","guid":{"rendered":"https:\/\/www.sor.cz\/?page_id=2088"},"modified":"2025-02-05T07:39:30","modified_gmt":"2025-02-05T06:39:30","slug":"vedeni-spolecnosti","status":"publish","type":"page","link":"https:\/\/www.sor.cz\/de\/spolecnost\/vedeni-spolecnosti\/","title":{"rendered":"Gesch\u00e4ftsf\u00fchrung"},"content":{"rendered":"<p><\/p>\n<h3><strong>\u00a0<\/strong>Gesch\u00e4ftsf\u00fchrer SOR Libchavy spol. s r.o.<\/h3>\n<p>VIKTOR HAVELEC<br \/>\nIng. FILIP MURGA\u0160, PhD.<br \/>\nIng. MARTIN SHEJBAL<br \/>\nIng. V\u00cdT\u011aZSLAV TYMR<\/p>\n<h3>Aufsichtsrat SOR Libchavy spol. s r.o.<\/h3>\n<p>Mgr. Ing. JI\u0158\u00cd NOV\u00c1\u010cEK &#8211; Vorsitzender des Aufsichtsrats<br \/>\nLADISLAV TRNKA &#8211; Mitglied des Aufsichtsrats<br \/>\nMgr. HANA KREJ\u010c\u00cd, Ph.D. &#8211; Mitglied des Aufsichtsrats<\/p>","protected":false},"excerpt":{"rendered":"<p>\u00a0Gesch\u00e4ftsf\u00fchrer SOR Libchavy spol. s r.o. VIKTOR HAVELEC Ing. FILIP MURGA\u0160, PhD. Ing. MARTIN SHEJBAL Ing. V\u00cdT\u011aZSLAV TYMR Aufsichtsrat SOR Libchavy spol. s r.o. Mgr. Ing. JI\u0158\u00cd NOV\u00c1\u010cEK &#8211; Vorsitzender des Aufsichtsrats LADISLAV TRNKA &#8211; Mitglied des Aufsichtsrats Mgr. HANA KREJ\u010c\u00cd, Ph.D. &#8211; Mitglied des Aufsichtsrats<\/p>\n","protected":false},"author":3,"featured_media":0,"parent":192,"menu_order":11,"comment_status":"closed","ping_status":"closed","template":"","meta":{"_acf_changed":false,"_exactmetrics_skip_tracking":false,"_exactmetrics_sitenote_active":false,"_exactmetrics_sitenote_note":"","_exactmetrics_sitenote_category":0,"footnotes":""},"class_list":["post-2088","page","type-page","status-publish","hentry"],"acf":[],"_links":{"self":[{"href":"https:\/\/www.sor.cz\/de\/wp-json\/wp\/v2\/pages\/2088","targetHints":{"allow":["GET"]}}],"collection":[{"href":"https:\/\/www.sor.cz\/de\/wp-json\/wp\/v2\/pages"}],"about":[{"href":"https:\/\/www.sor.cz\/de\/wp-json\/wp\/v2\/types\/page"}],"author":[{"embeddable":true,"href":"https:\/\/www.sor.cz\/de\/wp-json\/wp\/v2\/users\/3"}],"replies":[{"embeddable":true,"href":"https:\/\/www.sor.cz\/de\/wp-json\/wp\/v2\/comments?post=2088"}],"version-history":[{"count":9,"href":"https:\/\/www.sor.cz\/de\/wp-json\/wp\/v2\/pages\/2088\/revisions"}],"predecessor-version":[{"id":2846,"href":"https:\/\/www.sor.cz\/de\/wp-json\/wp\/v2\/pages\/2088\/revisions\/2846"}],"up":[{"embeddable":true,"href":"https:\/\/www.sor.cz\/de\/wp-json\/wp\/v2\/pages\/192"}],"wp:attachment":[{"href":"https:\/\/www.sor.cz\/de\/wp-json\/wp\/v2\/media?parent=2088"}],"curies":[{"name":"wp","href":"https:\/\/api.w.org\/{rel}","templated":true}]}}