{"id":2463,"date":"2023-05-24T09:37:59","date_gmt":"2023-05-24T07:37:59","guid":{"rendered":"https:\/\/www.sor.cz\/?page_id=2463"},"modified":"2025-09-29T12:48:01","modified_gmt":"2025-09-29T10:48:01","slug":"dokumenty-pro-dodavatele","status":"publish","type":"page","link":"https:\/\/www.sor.cz\/de\/spolecnost\/dokumenty-pro-dodavatele\/","title":{"rendered":"Unterlagen f\u00fcr den Lieferanten"},"content":{"rendered":"<p><a href=\"https:\/\/www.sor.cz\/wp-content\/uploads\/2025\/09\/MPQ-840-Priloha-2-Allgemeine-Geschaftsbedingungen-fur-Lieferungen-der-Firma-SOR.pdf\" target=\"_blank\" rel=\"noopener\">Allgemeine Geschaftsbedingungen fur Lieferungen der Firma SOR &#8211; g\u00fcltig ab 29.9.2025<\/a><\/p>\n<p><a href=\"https:\/\/www.sor.cz\/wp-content\/uploads\/2025\/08\/Dohoda-o-zajisteni-kvality-dodavatele-de.pdf\" target=\"_blank\" rel=\"noopener\">Qualit\u00e4tssicherungsvereinbarung f\u00fcr Lieferanten<\/a><\/p>\n<p><a href=\"https:\/\/www.sor.cz\/wp-content\/uploads\/2025\/05\/MPQ-840-2-Priloha-3-CySe-rules-for-suppliers-and-goods-1.pdf\" target=\"_blank\" rel=\"noopener\">CySe Regeln f\u00fcr Lieferanten und Waren<\/a><\/p>\n<p><a href=\"https:\/\/www.sor.cz\/wp-content\/uploads\/2024\/10\/MPQ-840-2-P\u0159\u00edloha-4-KB-dotazn\u00edk-pro-dodavatele_de.docx\" target=\"_blank\" rel=\"noopener\">CySe Fragebogen f\u00fcr die Lieferanten<\/a><\/p>\n<p><a href=\"https:\/\/www.sor.cz\/wp-content\/uploads\/2025\/05\/MPQ-840-2-Priloha-2-CIA.xlsx\">CySe-Schnittstellenvereinbarung CIA<\/a><\/p>","protected":false},"excerpt":{"rendered":"<p>Allgemeine Geschaftsbedingungen fur Lieferungen der Firma SOR &#8211; g\u00fcltig ab 29.9.2025 Qualit\u00e4tssicherungsvereinbarung f\u00fcr Lieferanten CySe Regeln f\u00fcr Lieferanten und Waren CySe Fragebogen f\u00fcr die Lieferanten CySe-Schnittstellenvereinbarung CIA<\/p>\n","protected":false},"author":3,"featured_media":0,"parent":192,"menu_order":14,"comment_status":"closed","ping_status":"closed","template":"","meta":{"_acf_changed":false,"_exactmetrics_skip_tracking":false,"_exactmetrics_sitenote_active":false,"_exactmetrics_sitenote_note":"","_exactmetrics_sitenote_category":0,"footnotes":""},"class_list":["post-2463","page","type-page","status-publish","hentry"],"acf":[],"_links":{"self":[{"href":"https:\/\/www.sor.cz\/de\/wp-json\/wp\/v2\/pages\/2463","targetHints":{"allow":["GET"]}}],"collection":[{"href":"https:\/\/www.sor.cz\/de\/wp-json\/wp\/v2\/pages"}],"about":[{"href":"https:\/\/www.sor.cz\/de\/wp-json\/wp\/v2\/types\/page"}],"author":[{"embeddable":true,"href":"https:\/\/www.sor.cz\/de\/wp-json\/wp\/v2\/users\/3"}],"replies":[{"embeddable":true,"href":"https:\/\/www.sor.cz\/de\/wp-json\/wp\/v2\/comments?post=2463"}],"version-history":[{"count":39,"href":"https:\/\/www.sor.cz\/de\/wp-json\/wp\/v2\/pages\/2463\/revisions"}],"predecessor-version":[{"id":2980,"href":"https:\/\/www.sor.cz\/de\/wp-json\/wp\/v2\/pages\/2463\/revisions\/2980"}],"up":[{"embeddable":true,"href":"https:\/\/www.sor.cz\/de\/wp-json\/wp\/v2\/pages\/192"}],"wp:attachment":[{"href":"https:\/\/www.sor.cz\/de\/wp-json\/wp\/v2\/media?parent=2463"}],"curies":[{"name":"wp","href":"https:\/\/api.w.org\/{rel}","templated":true}]}}