{"id":2505,"date":"2023-07-28T07:10:59","date_gmt":"2023-07-28T05:10:59","guid":{"rendered":"https:\/\/www.sor.cz\/?page_id=2505"},"modified":"2024-10-16T14:22:37","modified_gmt":"2024-10-16T12:22:37","slug":"oznamovani-protipravniho-jednani-whistleblowing","status":"publish","type":"page","link":"https:\/\/www.sor.cz\/de\/spolecnost\/oznamovani-protipravniho-jednani-whistleblowing\/","title":{"rendered":"Meldung eines rechtswidrigen Verhaltens \/ Whistleblowing"},"content":{"rendered":"<p><\/p>\n<h3><strong>WIE MAN EINE MELDUNG EINREICHT<\/strong><\/h3>\n<p>Wenn Sie den Verdacht haben, dass bei der SOR Libchavy spol. s r.o. rechtswidriges Verhalten vorliegt, haben Sie die M\u00f6glichkeit, dies zu melden. <strong>Wir empfehlen die bevorzugte Nutzung des internen Meldesystems.<\/strong> Die Methoden der Meldung innerhalb des internen Meldesystems sehen wie folgt aus:<\/p>\n<ol>\n<li>schriftlich, \u00fcber eine gesch\u00fctzte Web-Schnittstelle zug\u00e4nglich von der Adresse <a href=\"https:\/\/sor.whistlelink.com\/\"><strong>sor.whistlelink.com<\/strong><\/a>,<\/li>\n<li>m\u00fcndlich, und zwar durch eine Audioaufnahme \u00fcber eine gesch\u00fctzte Web-Schnittstelle zug\u00e4nglich von der Adresse <a href=\"https:\/\/sor.whistlelink.com\/\"><strong>sor.whistlelink.com<\/strong><\/a> oder durch pers\u00f6nliche Meldung an entsprechende Person. \u00dcber die Kontaktdaten der zust\u00e4ndigen Person k\u00f6nnen Sie ein pers\u00f6nliches Gespr\u00e4ch vereinbaren.<\/li>\n<\/ol>\n<p>SOR Libchavy spol. s.r.o <strong>akzeptiert<\/strong> keine Meldungen von Personen, die f\u00fcr SOR Libchavy spol. s r.o. anders t\u00e4tig sind als in einem Arbeitsverh\u00e4ltnis, im Rahmen einer Lehre, eines Praktikums oder einer ehrenamtlichen T\u00e4tigkeit. Meldungen von anderen Personen werden seitens SOR Libchavy spol. s r.o. nicht bearbeitet.<\/p>\n<p>Die Meldung kann auch \u00fcber das vom Justizministerium verwaltete externe Meldesystem erfolgen, indem ein Formular ausgef\u00fcllt wird, zwar unter https:\/\/oznamovatel.justice.cz\/chci-podat-oznameni\/. <strong>F\u00fcr die schnellste und effizienteste L\u00f6sung von Meldungen empfehlen wir die Verwendung des internen Meldesystems.<\/strong><\/p>\n<p>Gesellschaft SOR Libchavy spol. s r.o. ist gem\u00e4\u00df dem Gesetz Nr. 171\/2023 Slg. \u00fcber den Schutz von meldenden Personen nicht verpflichtet, anonyme Meldungen anzunehmen. Um die Untersuchung zu erleichtern, bitten wir Sie, Ihren Namen und Ihre Berufsbezeichnung oder andere Informationen anzugeben, die Ihre Identifizierung erm\u00f6glichen. Die Bearbeitung anonymer Meldungen ist jedoch nicht ausgeschlossen, wenn diese berechtigt erscheinen.<\/p>\n<h3><strong>Zust\u00e4ndige Person<\/strong><\/h3>\n<p>Meldungen werden bei SOR Libchavy spol. s r.o. von den daf\u00fcr vorgesehenen zust\u00e4ndigen Personen bearbeitet. Die zust\u00e4ndigen Personen sind:<\/p>\n<p>Ing. V\u011bra Dianov\u00e1<\/p>\n<p>Kontaktdaten der zust\u00e4ndigen Person:<\/p>\n<p>Email: <a href=\"mailto:personal@sor.cz\">personal@sor.cz<\/a><\/p>\n<p>Phone: 00420 465 519 482<\/p>\n<p>Die Kontaktinformationen dienen ausschlie\u00dflich zum Beantworten von Fragen in Bezug auf die Meldung oder zur Verabredung vom pers\u00f6nlichen Treffen mit der zust\u00e4ndigen Person. <strong>Diese Kontaktdaten sind nicht f\u00fcr das Einreichen einer Meldung bestimmt.<\/strong> Um eine Meldung einzureichen, verwenden Sie eine der im Abschnitt <strong>WIE MAN MELDUNG EINREICHT<\/strong> aufgef\u00fchrten Benachrichtigungsmethoden.<\/p>","protected":false},"excerpt":{"rendered":"<p>WIE MAN EINE MELDUNG EINREICHT Wenn Sie den Verdacht haben, dass bei der SOR Libchavy spol. s r.o. rechtswidriges Verhalten vorliegt, haben Sie die M\u00f6glichkeit, dies zu melden. Wir empfehlen die bevorzugte Nutzung des internen Meldesystems. Die Methoden der Meldung innerhalb des internen Meldesystems sehen wie folgt aus: schriftlich, \u00fcber eine gesch\u00fctzte Web-Schnittstelle zug\u00e4nglich von [&hellip;]<\/p>\n","protected":false},"author":3,"featured_media":0,"parent":192,"menu_order":15,"comment_status":"closed","ping_status":"closed","template":"","meta":{"_acf_changed":false,"_exactmetrics_skip_tracking":false,"_exactmetrics_sitenote_active":false,"_exactmetrics_sitenote_note":"","_exactmetrics_sitenote_category":0,"footnotes":""},"class_list":["post-2505","page","type-page","status-publish","hentry"],"acf":[],"_links":{"self":[{"href":"https:\/\/www.sor.cz\/de\/wp-json\/wp\/v2\/pages\/2505","targetHints":{"allow":["GET"]}}],"collection":[{"href":"https:\/\/www.sor.cz\/de\/wp-json\/wp\/v2\/pages"}],"about":[{"href":"https:\/\/www.sor.cz\/de\/wp-json\/wp\/v2\/types\/page"}],"author":[{"embeddable":true,"href":"https:\/\/www.sor.cz\/de\/wp-json\/wp\/v2\/users\/3"}],"replies":[{"embeddable":true,"href":"https:\/\/www.sor.cz\/de\/wp-json\/wp\/v2\/comments?post=2505"}],"version-history":[{"count":7,"href":"https:\/\/www.sor.cz\/de\/wp-json\/wp\/v2\/pages\/2505\/revisions"}],"predecessor-version":[{"id":2795,"href":"https:\/\/www.sor.cz\/de\/wp-json\/wp\/v2\/pages\/2505\/revisions\/2795"}],"up":[{"embeddable":true,"href":"https:\/\/www.sor.cz\/de\/wp-json\/wp\/v2\/pages\/192"}],"wp:attachment":[{"href":"https:\/\/www.sor.cz\/de\/wp-json\/wp\/v2\/media?parent=2505"}],"curies":[{"name":"wp","href":"https:\/\/api.w.org\/{rel}","templated":true}]}}