{"id":194,"date":"2017-09-22T14:55:33","date_gmt":"2017-09-22T12:55:33","guid":{"rendered":"http:\/\/sor.cz\/?page_id=194"},"modified":"2024-10-15T14:53:42","modified_gmt":"2024-10-15T12:53:42","slug":"kariera","status":"publish","type":"page","link":"https:\/\/www.sor.cz\/en\/spolecnost\/kariera\/","title":{"rendered":"Careers"},"content":{"rendered":"<p>Careers ' class='swipebox'>\n<img src='https:\/\/www.sor.cz\/wp-content\/uploads\/2018\/04\/kariera_14-202x135.jpg' alt='Careers ' \/><\/a><\/div>\n<div>\n<a href='https:\/\/www.sor.cz\/wp-content\/uploads\/2018\/04\/kariera_9.jpg' title='Careers ' class='swipebox'>\n<img src='https:\/\/www.sor.cz\/wp-content\/uploads\/2018\/04\/kariera_9-202x135.jpg' alt='Careers ' \/><\/a><\/div>\n<div>\n<a href='https:\/\/www.sor.cz\/wp-content\/uploads\/2018\/03\/kariera_4.jpg' title='Careers ' class='swipebox'>\n<img src='https:\/\/www.sor.cz\/wp-content\/uploads\/2018\/03\/kariera_4-202x135.jpg' alt='Careers ' \/><\/a><\/div>\n<div>\n<a href='https:\/\/www.sor.cz\/wp-content\/uploads\/2018\/04\/kariera_13.jpg' title='Careers ' class='swipebox'>\n<img src='https:\/\/www.sor.cz\/wp-content\/uploads\/2018\/04\/kariera_13-202x135.jpg' alt='Careers ' \/><\/a><\/div>\n<div>\n<a href='https:\/\/www.sor.cz\/wp-content\/uploads\/2018\/04\/kariera_10.jpg' title='Careers ' class='swipebox'>\n<img src='https:\/\/www.sor.cz\/wp-content\/uploads\/2018\/04\/kariera_10-202x135.jpg' alt='Careers ' \/><\/a><\/div>\n<div>\n<a href='https:\/\/www.sor.cz\/wp-content\/uploads\/2017\/10\/kariera_7.jpg' title='Careers ' class='swipebox'>\n<img src='https:\/\/www.sor.cz\/wp-content\/uploads\/2017\/10\/kariera_7-202x135.jpg' alt='Careers ' \/><\/a><\/div>\n<div>\n<a href='https:\/\/www.sor.cz\/wp-content\/uploads\/2018\/04\/kariera_12.jpg' title='Careers ' class='swipebox'>\n<img src='https:\/\/www.sor.cz\/wp-content\/uploads\/2018\/04\/kariera_12-202x135.jpg' alt='Careers ' \/><\/a><\/div>\n<\/div>\n\n<\/div>\n<div>\n<p>&nbsp;<\/p>\n<p><strong>Nab\u00edz\u00edme z\u00e1zem\u00ed perspektivn\u00edho, spolehliv\u00e9ho zam\u011bstnavatele a pr\u00e1ci v dynamick\u00e9m a p\u0159\u00e1telsk\u00e9m prost\u0159ed\u00ed, kter\u00e9 ned\u011bl\u00e1 z lid\u00ed roboty.<\/strong><\/p>\n<h2><strong>Person\u00e1ln\u00ed odd\u011blen\u00ed<\/strong><\/h2>\n<p>Nena\u0161li jste pracovn\u00ed m\u00edsto, kter\u00e9 hled\u00e1te? Po\u0161lete n\u00e1m V\u00e1\u0161 \u017eivotopis.<\/p>\n<div><strong>Ing. V\u011bra Dianov\u00e1<\/strong><\/div>\n<div>\n<div>GSM: (00420) 731 609 259 \u00a0|\u00a0 E-mail:\u00a0<a href=\"mailto:personal@sor.cz\">personal@sor.cz<\/a><\/div>\n<\/div>\n<\/div>\n<p><div class=\"gallery-normal\">\n<div>\n<a href='https:\/\/www.sor.cz\/wp-content\/uploads\/2018\/04\/kariera_14.jpg' title='Careers ' class='swipebox'>\n<img src='https:\/\/www.sor.cz\/wp-content\/uploads\/2018\/04\/kariera_14-202x135.jpg' alt='Careers ' \/><\/a><\/div>\n<div>\n<a href='https:\/\/www.sor.cz\/wp-content\/uploads\/2018\/04\/kariera_9.jpg' title='Careers ' class='swipebox'>\n<img src='https:\/\/www.sor.cz\/wp-content\/uploads\/2018\/04\/kariera_9-202x135.jpg' alt='Careers ' \/><\/a><\/div>\n<div>\n<a href='https:\/\/www.sor.cz\/wp-content\/uploads\/2018\/03\/kariera_4.jpg' title='Careers ' class='swipebox'>\n<img src='https:\/\/www.sor.cz\/wp-content\/uploads\/2018\/03\/kariera_4-202x135.jpg' alt='Careers ' \/><\/a><\/div>\n<div>\n<a href='https:\/\/www.sor.cz\/wp-content\/uploads\/2018\/04\/kariera_13.jpg' title='Careers ' class='swipebox'>\n<img src='https:\/\/www.sor.cz\/wp-content\/uploads\/2018\/04\/kariera_13-202x135.jpg' alt='Careers ' \/><\/a><\/div>\n<div>\n<a href='https:\/\/www.sor.cz\/wp-content\/uploads\/2018\/04\/kariera_10.jpg' title='Careers ' class='swipebox'>\n<img src='https:\/\/www.sor.cz\/wp-content\/uploads\/2018\/04\/kariera_10-202x135.jpg' alt='Careers ' \/><\/a><\/div>\n<div>\n<a href='https:\/\/www.sor.cz\/wp-content\/uploads\/2017\/10\/kariera_7.jpg' title='Careers ' class='swipebox'>\n<img src='https:\/\/www.sor.cz\/wp-content\/uploads\/2017\/10\/kariera_7-202x135.jpg' alt='Careers ' \/><\/a><\/div>\n<div>\n<a href='https:\/\/www.sor.cz\/wp-content\/uploads\/2018\/04\/kariera_12.jpg' title='Careers ' class='swipebox'>\n<img src='https:\/\/www.sor.cz\/wp-content\/uploads\/2018\/04\/kariera_12-202x135.jpg' alt='Careers ' \/><\/a><\/div>\n<\/div>\n<\/p>\n<p>If you are interested in any jobs, please contact our HR department.<\/p>\n<p><strong>Ing. V\u011bra Dianov\u00e1,\u00a0HR<\/strong><br \/>\nGSM: (00420) 731 609 259 \u00a0|\u00a0 E-mail: <a href=\"mailto:personal@sor.cz\">personal@sor.cz<\/a><\/p>\n<h2>We offer<\/h2>\n<p>The foundation of a prospective and reliable employer, a friendly working environment, meals in the company canteen or meal vouchers, life insurance and a supplementary pension plan, extra holidays, the choice of benefits through a cafeteria, and others.Careers ' class='swipebox'>\n<img src='https:\/\/www.sor.cz\/wp-content\/uploads\/2018\/04\/kariera_14-202x135.jpg' alt='Careers ' \/><\/a><\/div>\n<div>\n<a href='https:\/\/www.sor.cz\/wp-content\/uploads\/2018\/04\/kariera_9.jpg' title='Careers ' class='swipebox'>\n<img src='https:\/\/www.sor.cz\/wp-content\/uploads\/2018\/04\/kariera_9-202x135.jpg' alt='Careers ' \/><\/a><\/div>\n<div>\n<a href='https:\/\/www.sor.cz\/wp-content\/uploads\/2018\/03\/kariera_4.jpg' title='Careers ' class='swipebox'>\n<img src='https:\/\/www.sor.cz\/wp-content\/uploads\/2018\/03\/kariera_4-202x135.jpg' alt='Careers ' \/><\/a><\/div>\n<div>\n<a href='https:\/\/www.sor.cz\/wp-content\/uploads\/2018\/04\/kariera_13.jpg' title='Careers ' class='swipebox'>\n<img src='https:\/\/www.sor.cz\/wp-content\/uploads\/2018\/04\/kariera_13-202x135.jpg' alt='Careers ' \/><\/a><\/div>\n<div>\n<a href='https:\/\/www.sor.cz\/wp-content\/uploads\/2018\/04\/kariera_10.jpg' title='Careers ' class='swipebox'>\n<img src='https:\/\/www.sor.cz\/wp-content\/uploads\/2018\/04\/kariera_10-202x135.jpg' alt='Careers ' \/><\/a><\/div>\n<div>\n<a href='https:\/\/www.sor.cz\/wp-content\/uploads\/2017\/10\/kariera_7.jpg' title='Careers ' class='swipebox'>\n<img src='https:\/\/www.sor.cz\/wp-content\/uploads\/2017\/10\/kariera_7-202x135.jpg' alt='Careers ' \/><\/a><\/div>\n<div>\n<a href='https:\/\/www.sor.cz\/wp-content\/uploads\/2018\/04\/kariera_12.jpg' title='Careers ' class='swipebox'>\n<img src='https:\/\/www.sor.cz\/wp-content\/uploads\/2018\/04\/kariera_12-202x135.jpg' alt='Careers ' \/><\/a><\/div>\n<\/div>\n<\/p>\n<p>Wir bieten den Hintergrund eines perspektiven, zuverl\u00e4ssigen Arbeitgebers und arbeiten in einem dynamischen und freundlichen Umfeld, das Menschen nicht zu Robotern macht.<\/p>\n<h2><strong>Personalabteilung<\/strong><\/h2>\n<p><strong>Ing. V\u011bra Dianov\u00e1,\u00a0HR<\/strong><br \/>\nGSM: (00420) 731 609 259 \u00a0|\u00a0 E-mail: <a href=\"mailto:personal@sor.cz\">personal@sor.cz<\/a><\/p>\n<p>Haben Sie den gesuchten Job nicht gefunden? Senden Sie uns Ihren Lebenslauf.<\/p>","protected":false},"excerpt":{"rendered":"<p>If you are interested in any jobs, please contact our HR department. Ing. V\u011bra Dianov\u00e1,\u00a0HR GSM: (00420) 731 609 259 \u00a0|\u00a0 E-mail: personal@sor.cz We offer The foundation of a prospective and reliable employer, a friendly working environment, meals in the company canteen or meal vouchers, life insurance and a supplementary pension plan, extra holidays, the [&hellip;]<\/p>\n","protected":false},"author":3,"featured_media":0,"parent":192,"menu_order":10,"comment_status":"closed","ping_status":"closed","template":"page-career2.php","meta":{"_acf_changed":false,"_exactmetrics_skip_tracking":false,"_exactmetrics_sitenote_active":false,"_exactmetrics_sitenote_note":"","_exactmetrics_sitenote_category":0,"footnotes":""},"class_list":["post-194","page","type-page","status-publish","hentry"],"acf":[],"_links":{"self":[{"href":"https:\/\/www.sor.cz\/en\/wp-json\/wp\/v2\/pages\/194","targetHints":{"allow":["GET"]}}],"collection":[{"href":"https:\/\/www.sor.cz\/en\/wp-json\/wp\/v2\/pages"}],"about":[{"href":"https:\/\/www.sor.cz\/en\/wp-json\/wp\/v2\/types\/page"}],"author":[{"embeddable":true,"href":"https:\/\/www.sor.cz\/en\/wp-json\/wp\/v2\/users\/3"}],"replies":[{"embeddable":true,"href":"https:\/\/www.sor.cz\/en\/wp-json\/wp\/v2\/comments?post=194"}],"version-history":[{"count":101,"href":"https:\/\/www.sor.cz\/en\/wp-json\/wp\/v2\/pages\/194\/revisions"}],"predecessor-version":[{"id":2741,"href":"https:\/\/www.sor.cz\/en\/wp-json\/wp\/v2\/pages\/194\/revisions\/2741"}],"up":[{"embeddable":true,"href":"https:\/\/www.sor.cz\/en\/wp-json\/wp\/v2\/pages\/192"}],"wp:attachment":[{"href":"https:\/\/www.sor.cz\/en\/wp-json\/wp\/v2\/media?parent=194"}],"curies":[{"name":"wp","href":"https:\/\/api.w.org\/{rel}","templated":true}]}}