{"id":245,"date":"2017-10-08T18:08:05","date_gmt":"2017-10-08T16:08:05","guid":{"rendered":"http:\/\/sor.cz\/?page_id=245"},"modified":"2025-11-28T13:41:07","modified_gmt":"2025-11-28T12:41:07","slug":"nahradni-dily","status":"publish","type":"page","link":"https:\/\/www.sor.cz\/en\/sluzby\/nahradni-dily\/","title":{"rendered":"Spare Parts"},"content":{"rendered":"<p>Spare Parts ' class='swipebox'>\n<img src='https:\/\/www.sor.cz\/wp-content\/uploads\/2017\/11\/DJI00472-202x135.jpg' alt='Spare Parts ' \/><\/a><\/div>\n<div>\n<a href='https:\/\/www.sor.cz\/wp-content\/uploads\/2017\/10\/prodej_nb_2.jpg' title='Spare Parts ' class='swipebox'>\n<img src='https:\/\/www.sor.cz\/wp-content\/uploads\/2017\/10\/prodej_nb_2-202x135.jpg' alt='Spare Parts ' \/><\/a><\/div>\n<div>\n<a href='https:\/\/www.sor.cz\/wp-content\/uploads\/2017\/10\/prodej_nb_1.jpg' title='Spare Parts ' class='swipebox'>\n<img src='https:\/\/www.sor.cz\/wp-content\/uploads\/2017\/10\/prodej_nb_1-202x135.jpg' alt='Spare Parts ' \/><\/a><\/div>\n<\/div>\n<\/p>\n<p>SOR Libchavy zaji\u0161\u0165uje dostupnost n\u00e1hradn\u00edch d\u00edl\u016f pro v\u0161echny typy sv\u00fdch autobus\u016f. Pro zaji\u0161t\u011bn\u00ed dobr\u00e9\u00a0m\u00edry komfortu provozujeme pro sv\u00e9 z\u00e1kazn\u00edky n\u00e1sleduj\u00edc\u00ed slu\u017eby:<\/p>\n<ul>\n<li>e-shop n\u00e1hradn\u00edch d\u00edl\u016f: <a href=\"https:\/\/shop.sor.cz\" target=\"_blank\" rel=\"noopener\">shop.sor.cz<\/a><\/li>\n<li>on-line katalog n\u00e1hradn\u00edch d\u00edl\u016f: <a href=\"http:\/\/www.cals.cz\/sor\" target=\"_blank\" rel=\"noopener\">www.cals.cz\/sor<\/a><\/li>\n<li><span style=\"font-weight: 400;\">vyhled\u00e1v\u00e1n\u00ed ND pomoc\u00ed VIN: <a href=\"https:\/\/qi.sor.cz\" target=\"_blank\" rel=\"noopener\">qi.sor.cz<\/a><\/span><\/li>\n<li>poradenstv\u00ed a technick\u00e1 podpora &#8211; Pomoc p\u0159i identifikaci spr\u00e1vn\u00e9ho d\u00edlu<\/li>\n<li>zaji\u0161t\u011bn\u00ed dod\u00e1vek <strong>origin\u00e1ln\u00edch d\u00edl\u016f<\/strong> s garanc\u00ed kvality a kompatibility<\/li>\n<li>mo\u017enost <strong>okam\u017eit\u00e9 expedice<\/strong> z centr\u00e1ln\u00edho skladu<\/li>\n<li>certifikace v\u00fdrobce \u2013 jistota bezpe\u010dnosti a spolehlivosti<\/li>\n<\/ul>\n<h2>P\u0159\u00edm\u00fd prodej n\u00e1hradn\u00edch d\u00edl\u016f<\/h2>\n<p><strong>SOR Libchavy spol. s r.o.<\/strong><br \/>\nAdresa: Doln\u00ed Libchavy 324, 561 16 Libchavy |\u00a0\u00a0E-mail: <a href=\"mailto:nd@sor.cz\">nd@sor.cz<\/a><\/p>\n<div>\n<div>\n<p><strong>Roman Marek<\/strong><br \/>\nvedouc\u00ed prodeje n\u00e1hradn\u00edch d\u00edl\u016f<br \/>\nGSM: (00420)\u00a0 705 533 615\u200b |\u00a0\u00a0E-mail: <a href=\"mailto:marekr@sor.cz\">marekr@sor.cz<\/a><\/p>\n<p><strong>Miroslav \u010cerven\u00fd<\/strong><br \/>\nreferent prodeje n\u00e1hradn\u00edch d\u00edl\u016f<br \/>\nGSM: (00420) 734 433 225\u00a0 |\u00a0\u00a0E-mail: <a href=\"mailto:cerveny@sor.cz\">cerveny@sor.cz<\/a><\/p>\n<\/div>\n<\/div>\n<p><strong>Jaroslav Hub\u00e1lek<\/strong><br \/>\nreferent prodeje n\u00e1hradn\u00edch d\u00edl\u016f<br \/>\nGSM: (00420) 605 266 125\u00a0 |\u00a0\u00a0E-mail: <a href=\"mailto:hubalek@sor.cz\">hubalek@sor.cz<\/a><\/p>\n<h2>Prodej n\u00e1hradn\u00edch d\u00edl\u016f pro zahrani\u010d\u00ed<\/h2>\n<p><strong>Bc. Luk\u00e1\u0161 Kalous<\/strong><br \/>\nreferent prodeje n\u00e1hradn\u00edch d\u00edl\u016f<br \/>\nGSM: (00420) 739 531 482\u00a0 |\u00a0\u00a0E-mail: <a href=\"mailto:kalous@sor.cz\">kalous@sor.cz<\/a><\/p>\n<p><strong>Aneta Kal\u00e1\u0161kov\u00e1<\/strong><br \/>\nreferentka prodeje n\u00e1hradn\u00edch d\u00edl\u016f<br \/>\nGSM: (00420) \u00a0603 329 431 \u00a0|\u00a0\u00a0E-mail: <a href=\"mailto:kalaskova@sor.cz\">kalaskova@sor.cz<\/a><div class=\"gallery-normal\">\n<div>\n<a href='https:\/\/www.sor.cz\/wp-content\/uploads\/2017\/11\/DJI00472.jpg' title='Spare Parts ' class='swipebox'>\n<img src='https:\/\/www.sor.cz\/wp-content\/uploads\/2017\/11\/DJI00472-202x135.jpg' alt='Spare Parts ' \/><\/a><\/div>\n<div>\n<a href='https:\/\/www.sor.cz\/wp-content\/uploads\/2017\/10\/prodej_nb_2.jpg' title='Spare Parts ' class='swipebox'>\n<img src='https:\/\/www.sor.cz\/wp-content\/uploads\/2017\/10\/prodej_nb_2-202x135.jpg' alt='Spare Parts ' \/><\/a><\/div>\n<div>\n<a href='https:\/\/www.sor.cz\/wp-content\/uploads\/2017\/10\/prodej_nb_1.jpg' title='Spare Parts ' class='swipebox'>\n<img src='https:\/\/www.sor.cz\/wp-content\/uploads\/2017\/10\/prodej_nb_1-202x135.jpg' alt='Spare Parts ' \/><\/a><\/div>\n<\/div>\n<\/p>\n<p>SOR Libchavy provides spare parts for all types of our buses. For the convenience of our customers, we also provide these services:<\/p>\n<ul>\n<li>Spare parts e-shop: <a href=\"https:\/\/shop.sor.cz\" target=\"_blank\" rel=\"noopener\">shop.sor.cz<\/a><\/li>\n<li>On-line catalogue of spare parts: <a href=\"http:\/\/www.cals.cz\/sor\" target=\"_blank\" rel=\"noopener\">www.cals.cz\/sor<\/a><\/li>\n<li>Search function for spare parts based on the bus VIN: <a href=\"https:\/\/qi.sor.cz\" target=\"_blank\" rel=\"noopener\">qi.sor.cz<\/a><\/li>\n<li>Consulting and technical support &#8211; Assistance in identifying the right part<\/li>\n<li>Supply of\u00a0<strong>original parts<\/strong>\u00a0with guaranteed quality and compatibility<\/li>\n<li>Option of\u00a0<strong>immediate dispatch<\/strong>\u00a0from the central warehouse<\/li>\n<li>Manufacturer certification \u2013 assurance of safety and reliability<\/li>\n<\/ul>\n<h2>Contact<\/h2>\n<p><strong>SOR Libchavy spol. s r.o.<\/strong><br \/>\nAddress: Doln\u00ed Libchavy 324, 561 16 Libchavy |\u00a0\u00a0E-mail: <a href=\"mailto:parts@sor.cz\">parts@sor.cz<\/a><\/p>\n<div>\n<p><strong>Roman Marek<\/strong><br \/>\nSpare Parts Sales Manager<br \/>\nGSM: (00420)\u00a0 705 533 615\u200b |\u00a0\u00a0E-mail: <a href=\"mailto:marekr@sor.cz\">marekr@sor.cz<\/a><\/p>\n<div><strong>Bc. Luk\u00e1\u0161 Kalous<\/strong><br \/>\nSpare Parts Sales Officer<br \/>\nGSM: (00420) 739 531 482\u00a0 |\u00a0\u00a0E-mail: <a href=\"mailto:kalous@sor.cz\">kalous@sor.cz<\/a><\/div>\n<div>\n<p><strong>Aneta Kal\u00e1\u0161kov\u00e1<\/strong><br \/>\nSpare Parts Sales Officer<br \/>\nGSM: (00420)\u00a0 603 329 431\u200b |\u00a0\u00a0E-mail: <a href=\"mailto:kalaskova@sor.cz\">kalaskova@sor.cz<\/a><\/p>\n<\/div>\n<\/div>\n<p>Spare Parts ' class='swipebox'>\n<img src='https:\/\/www.sor.cz\/wp-content\/uploads\/2017\/11\/DJI00472-202x135.jpg' alt='Spare Parts ' \/><\/a><\/div>\n<div>\n<a href='https:\/\/www.sor.cz\/wp-content\/uploads\/2017\/10\/prodej_nb_2.jpg' title='Spare Parts ' class='swipebox'>\n<img src='https:\/\/www.sor.cz\/wp-content\/uploads\/2017\/10\/prodej_nb_2-202x135.jpg' alt='Spare Parts ' \/><\/a><\/div>\n<div>\n<a href='https:\/\/www.sor.cz\/wp-content\/uploads\/2017\/10\/prodej_nb_1.jpg' title='Spare Parts ' class='swipebox'>\n<img src='https:\/\/www.sor.cz\/wp-content\/uploads\/2017\/10\/prodej_nb_1-202x135.jpg' alt='Spare Parts ' \/><\/a><\/div>\n<\/div>\n<\/p>\n<p>SOR Libchavy stellt die Verf\u00fcgbarkeit von Ersatzteilen f\u00fcr alle Bustypen sicher. Um einen guten Komfort zu gew\u00e4hrleisten, bieten wir unseren Kunden folgende Dienstleistungen an:<\/p>\n<ul>\n<li>E-Shop von Ersatzteilen: <a href=\"https:\/\/shop.sor.cz\" target=\"_blank\" rel=\"noopener\">shop.sor.cz<\/a><\/li>\n<li>Ersatzteilkatalog online: <a href=\"http:\/\/www.cals.cz\/sor\" target=\"_blank\" rel=\"noopener\">www.cals.cz\/sor<\/a><\/li>\n<li>Ersatzteilsuche mit VIN: <a href=\"https:\/\/qi.sor.cz\" target=\"_blank\" rel=\"noopener\">qi.sor.cz<\/a><\/li>\n<li>Beratung und technischer Support \u2013 Hilfe bei der Identifizierung des richtigen Teils<\/li>\n<li>Lieferung von\u00a0<strong>Originalteilen<\/strong>\u00a0mit garantierter Qualit\u00e4t und Kompatibilit\u00e4t<\/li>\n<li>Option des\u00a0<strong>sofortigen Versands<\/strong>\u00a0aus dem Zentrallager<\/li>\n<li>Herstellerzertifizierung \u2013 Gew\u00e4hrleistung von Sicherheit und Zuverl\u00e4ssigkeit<\/li>\n<\/ul>\n<h2>Kontakte<\/h2>\n<p><strong>SOR Libchavy spol. s r.o.<\/strong><br \/>\nAnschrift: Doln\u00ed Libchavy 324, 561 16 Libchavy |\u00a0\u00a0E-mail: <a href=\"mailto:parts@sor.cz\">parts@sor.cz<\/a><\/p>\n<div>\n<p>Roman Marek<br \/>\nLeiter Ersatzteilverkauf<br \/>\nGSM: (00420)\u00a0 705 533 615\u200b |\u00a0\u00a0E-mail: <a href=\"mailto:marekr@sor.cz\">marekr@sor.cz<\/a><\/p>\n<p><strong>Bc. Luk\u00e1\u0161 Kalous<\/strong><br \/>\nErsatzteilverkaufsleiter<br \/>\nGSM: (00420) 739 531 482\u00a0 |\u00a0\u00a0E-mail: <a href=\"mailto:kalous@sor.cz\">kalous@sor.cz<\/a><\/p>\n<div>\n<p><strong>Aneta Kal\u00e1\u0161kov\u00e1<\/strong><br \/>\nErsatzteilverkaufsleiter<br \/>\nGSM: (00420) 603 329 431 |\u00a0\u00a0E-mail: <a href=\"mailto:kalaskova@sor.cz\">kalaskova@sor.cz<\/a><\/p>\n<\/div>\n<\/div>\n<p><\/p>","protected":false},"excerpt":{"rendered":"<p>SOR Libchavy provides spare parts for all types of our buses. For the convenience of our customers, we also provide these services: Spare parts e-shop: shop.sor.cz On-line catalogue of spare parts: www.cals.cz\/sor Search function for spare parts based on the bus VIN: qi.sor.cz Consulting and technical support &#8211; Assistance in identifying the right part Supply [&hellip;]<\/p>\n","protected":false},"author":3,"featured_media":0,"parent":177,"menu_order":7,"comment_status":"closed","ping_status":"closed","template":"","meta":{"_acf_changed":false,"_exactmetrics_skip_tracking":false,"_exactmetrics_sitenote_active":false,"_exactmetrics_sitenote_note":"","_exactmetrics_sitenote_category":0,"footnotes":""},"class_list":["post-245","page","type-page","status-publish","hentry"],"acf":[],"_links":{"self":[{"href":"https:\/\/www.sor.cz\/en\/wp-json\/wp\/v2\/pages\/245","targetHints":{"allow":["GET"]}}],"collection":[{"href":"https:\/\/www.sor.cz\/en\/wp-json\/wp\/v2\/pages"}],"about":[{"href":"https:\/\/www.sor.cz\/en\/wp-json\/wp\/v2\/types\/page"}],"author":[{"embeddable":true,"href":"https:\/\/www.sor.cz\/en\/wp-json\/wp\/v2\/users\/3"}],"replies":[{"embeddable":true,"href":"https:\/\/www.sor.cz\/en\/wp-json\/wp\/v2\/comments?post=245"}],"version-history":[{"count":57,"href":"https:\/\/www.sor.cz\/en\/wp-json\/wp\/v2\/pages\/245\/revisions"}],"predecessor-version":[{"id":3041,"href":"https:\/\/www.sor.cz\/en\/wp-json\/wp\/v2\/pages\/245\/revisions\/3041"}],"up":[{"embeddable":true,"href":"https:\/\/www.sor.cz\/en\/wp-json\/wp\/v2\/pages\/177"}],"wp:attachment":[{"href":"https:\/\/www.sor.cz\/en\/wp-json\/wp\/v2\/media?parent=245"}],"curies":[{"name":"wp","href":"https:\/\/api.w.org\/{rel}","templated":true}]}}